{"id":78,"date":"2018-12-09T20:24:49","date_gmt":"2018-12-09T20:24:49","guid":{"rendered":"https:\/\/gm2019.de\/gm2019\/?page_id=78"},"modified":"2019-03-04T21:03:15","modified_gmt":"2019-03-04T21:03:15","slug":"preise","status":"publish","type":"page","link":"https:\/\/gm2019.de\/gm2019\/?page_id=78","title":{"rendered":"Eintrittspreise"},"content":{"rendered":"\n<table class=\"wp-block-table aligncenter\"><tbody><tr><td><\/td><td><\/td><td>Erm\u00e4\u00dfigt*<\/td><\/tr><tr><td> Dauerkarte Freitag + Samstag<\/td><td>10 \u20ac<\/td><td>7 \u20ac<\/td><\/tr><tr><td>Tageskarte Freitag<\/td><td>7 \u20ac<\/td><td>5 \u20ac<\/td><\/tr><tr><td>Tageskarte Samstag<\/td><td>7 \u20ac<\/td><td>5 \u20ac<\/td><\/tr><\/tbody><\/table>\n\n\n\n<p>  *) Die Erm\u00e4\u00dfigung gilt f\u00fcr: <\/p>\n\n\n\n<ul><li>Jugendliche vom 13. bis zum vollendeten 17. Lebensjahr<\/li><li>Sch\u00fcler und Studenten<\/li><li>Wehr- und Bundesfreiwilligendienstleistende<\/li><li>Schwerbehinderte<\/li><\/ul>\n\n\n\n<p>Kinder bis zum vollendeten 12. Lebensjahr erhalten freien Eintritt.<br>Alle Erm\u00e4\u00dfigungen werden nur gegen Vorlage des entsprechenden Ausweises gew\u00e4hrt.<br>Mit dem L\u00f6sen oder Durchtrennen des Kontrollbandes verliert es seine G\u00fcltigkeit!<br><br><\/p>\n","protected":false},"excerpt":{"rendered":"<p>Erm\u00e4\u00dfigt* Dauerkarte Freitag + Samstag 10 \u20ac 7 \u20ac Tageskarte Freitag 7 \u20ac 5 \u20ac Tageskarte Samstag 7 \u20ac 5 \u20ac *) Die Erm\u00e4\u00dfigung gilt f\u00fcr: Jugendliche vom 13. bis zum vollendeten 17. Lebensjahr Sch\u00fcler und Studenten Wehr- und Bundesfreiwilligendienstleistende Schwerbehinderte Kinder bis zum vollendeten 12. Lebensjahr erhalten freien Eintritt.Alle Erm\u00e4\u00dfigungen werden nur gegen Vorlage &hellip; <\/p>\n<p class=\"link-more\"><a href=\"https:\/\/gm2019.de\/gm2019\/?page_id=78\" class=\"more-link\"><span class=\"screen-reader-text\">\u201eEintrittspreise\u201c<\/span> weiterlesen<\/a><\/p>\n","protected":false},"author":1,"featured_media":0,"parent":0,"menu_order":0,"comment_status":"closed","ping_status":"closed","template":"","meta":[],"_links":{"self":[{"href":"https:\/\/gm2019.de\/gm2019\/index.php?rest_route=\/wp\/v2\/pages\/78"}],"collection":[{"href":"https:\/\/gm2019.de\/gm2019\/index.php?rest_route=\/wp\/v2\/pages"}],"about":[{"href":"https:\/\/gm2019.de\/gm2019\/index.php?rest_route=\/wp\/v2\/types\/page"}],"author":[{"embeddable":true,"href":"https:\/\/gm2019.de\/gm2019\/index.php?rest_route=\/wp\/v2\/users\/1"}],"replies":[{"embeddable":true,"href":"https:\/\/gm2019.de\/gm2019\/index.php?rest_route=%2Fwp%2Fv2%2Fcomments&post=78"}],"version-history":[{"count":9,"href":"https:\/\/gm2019.de\/gm2019\/index.php?rest_route=\/wp\/v2\/pages\/78\/revisions"}],"predecessor-version":[{"id":154,"href":"https:\/\/gm2019.de\/gm2019\/index.php?rest_route=\/wp\/v2\/pages\/78\/revisions\/154"}],"wp:attachment":[{"href":"https:\/\/gm2019.de\/gm2019\/index.php?rest_route=%2Fwp%2Fv2%2Fmedia&parent=78"}],"curies":[{"name":"wp","href":"https:\/\/api.w.org\/{rel}","templated":true}]}}