{"id":42,"date":"2018-12-09T19:34:29","date_gmt":"2018-12-09T19:34:29","guid":{"rendered":"https:\/\/gm2019.de\/gm2019\/?page_id=42"},"modified":"2018-12-09T19:34:29","modified_gmt":"2018-12-09T19:34:29","slug":"impressum","status":"publish","type":"page","link":"https:\/\/gm2019.de\/gm2019\/?page_id=42","title":{"rendered":"Impressum"},"content":{"rendered":"\n<p><strong>Inhalt:<\/strong> <br> Das Angebot auf dieser Website\u00a0beinhaltet Informationen zur den verschiedenen Bereichen der Abteilung Ringen im TSV Ehningen e.V. <br> <br> <strong>Abgrenzung: <br> <\/strong>Die Web-Pr\u00e4senz ist Teil des WWW und dementsprechend mit fremden, sich jederzeit wandeln k\u00f6nnenden Web-Sites verkn\u00fcpft, die folglich auch nicht diesem Verantwortungsbereich unterliegen und f\u00fcr die nachfolgende Informationen nicht gelten. Dass die Links weder gegen Sitten noch Gesetze versto\u00dfen, wurde genau ein mal gepr\u00fcft: bevor sie hier aufgenommen wurden. Solche Links, die zu fremden Webprojekten f\u00fchren, erkennen Sie daran: neues Fenster<br> <strong><br> Verantwortung f\u00fcr den Inhalt:<\/strong> <br> TSV Ehningen e.V. <br> Abteilung Ringen <br> Gartenstra\u00dfe 11 <br> 71139 Ehningen <br> <strong><br> Redaktion:<\/strong> <br> TSV Ehningen, Abteilung Ringen<br> <strong><br> EMail:<\/strong> <br> webby (at) tsv-ehningen-ringen.de <br> abteilungsleiter (at) tsv-ehningen-ringen.de <br> <br> <strong>Copyrights:<\/strong> <br> Inhalt: \u00a9 1997-2019, TSV Ehningen e.V. Abteilung Ringen. All rights reserved. <br> Grafik und Design: \u00a9 2012-2019, TSV Ehningen e.V. Abteilung Ringen. All rights reserved. <br> <strong><br> Haftungsausschluss:<\/strong>\u00a0<br> Die Inhalte dieses Webprojektes wurden sorgf\u00e4ltig gepr\u00fcft und nach bestem Wissen erstellt. Aber f\u00fcr die hier dargebotenen Informationen wird kein Anspruch auf Vollst\u00e4ndigkeit, Aktualit\u00e4t, Qualit\u00e4t und Richtigkeit erhoben. Es kann keine Verantwortung f\u00fcr Sch\u00e4den \u00fcbernommen werden, die durch das Vertrauen auf die Inhalte dieser Website oder deren Gebrauch entstehen. <br> <br> <strong>Schutzrechtsverletzung:<\/strong>\u00a0<br> Falls Sie vermuten, dass von dieser Website aus eines Ihrer Schutzrechte verletzt wird, teilen Sie das bitte umgehend per <a href=\"mailto:webby@tsv-ehningen-ringen.de\">e-mail<\/a>\u00a0 mit, damit z\u00fcgig Abhilfe geschafft werden kann. Bitte nehmen Sie zur Kenntnis: Die zeitaufw\u00e4ndigere Einschaltung eines Anwaltes zur f\u00fcr den Diensteanbieter kostenpflichtigen Abmahnung entspricht nicht dessen wirklichen oder mutma\u00dflichen Willen. <\/p>\n","protected":false},"excerpt":{"rendered":"<p>Inhalt: Das Angebot auf dieser Website\u00a0beinhaltet Informationen zur den verschiedenen Bereichen der Abteilung Ringen im TSV Ehningen e.V. Abgrenzung: Die Web-Pr\u00e4senz ist Teil des WWW und dementsprechend mit fremden, sich jederzeit wandeln k\u00f6nnenden Web-Sites verkn\u00fcpft, die folglich auch nicht diesem Verantwortungsbereich unterliegen und f\u00fcr die nachfolgende Informationen nicht gelten. Dass die Links weder gegen Sitten &hellip; <\/p>\n<p class=\"link-more\"><a href=\"https:\/\/gm2019.de\/gm2019\/?page_id=42\" class=\"more-link\"><span class=\"screen-reader-text\">\u201eImpressum\u201c<\/span> weiterlesen<\/a><\/p>\n","protected":false},"author":1,"featured_media":0,"parent":0,"menu_order":0,"comment_status":"closed","ping_status":"closed","template":"","meta":[],"_links":{"self":[{"href":"https:\/\/gm2019.de\/gm2019\/index.php?rest_route=\/wp\/v2\/pages\/42"}],"collection":[{"href":"https:\/\/gm2019.de\/gm2019\/index.php?rest_route=\/wp\/v2\/pages"}],"about":[{"href":"https:\/\/gm2019.de\/gm2019\/index.php?rest_route=\/wp\/v2\/types\/page"}],"author":[{"embeddable":true,"href":"https:\/\/gm2019.de\/gm2019\/index.php?rest_route=\/wp\/v2\/users\/1"}],"replies":[{"embeddable":true,"href":"https:\/\/gm2019.de\/gm2019\/index.php?rest_route=%2Fwp%2Fv2%2Fcomments&post=42"}],"version-history":[{"count":1,"href":"https:\/\/gm2019.de\/gm2019\/index.php?rest_route=\/wp\/v2\/pages\/42\/revisions"}],"predecessor-version":[{"id":43,"href":"https:\/\/gm2019.de\/gm2019\/index.php?rest_route=\/wp\/v2\/pages\/42\/revisions\/43"}],"wp:attachment":[{"href":"https:\/\/gm2019.de\/gm2019\/index.php?rest_route=%2Fwp%2Fv2%2Fmedia&parent=42"}],"curies":[{"name":"wp","href":"https:\/\/api.w.org\/{rel}","templated":true}]}}