{"id":39,"date":"2018-12-09T19:32:09","date_gmt":"2018-12-09T19:32:09","guid":{"rendered":"https:\/\/gm2019.de\/gm2019\/?page_id=39"},"modified":"2018-12-09T19:32:09","modified_gmt":"2018-12-09T19:32:09","slug":"datenschutzerklaerung","status":"publish","type":"page","link":"https:\/\/gm2019.de\/gm2019\/?page_id=39","title":{"rendered":"Datenschutzerkl\u00e4rung"},"content":{"rendered":"\n<p>Wir legen gr\u00f6\u00dften Wert auf den Schutz Ihrer Daten und die Wahrung \nIhrer Privatsph\u00e4re. Nachstehend informieren wir Sie deshalb \u00fcber die \nErhebung und Verwendung pers\u00f6nlicher Daten bei dem Besuch unserer \nHomepage.<\/p>\n\n\n\n<p><strong>Anonyme Datenerhebung<\/strong><\/p>\n\n\n\n<p>Sie k\u00f6nnen unsere Website besuchen, ohne Angaben zu Ihrer Person zu \nmachen. Wir speichern in diesem Zusammenhang keinerlei pers\u00f6nliche \nDaten.<\/p>\n\n\n\n<p><strong>Erhebung, Verarbeitung und Nutzung personenbezogener Daten<\/strong><\/p>\n\n\n\n<p>Wir erheben personenbezogene Daten (Einzelangaben \u00fcber pers\u00f6nliche \noder sachliche Verh\u00e4ltnisse einer bestimmten oder bestimmbaren \nnat\u00fcrlichen Person) nur in dem von Ihnen zur Verf\u00fcgung gestellten \nUmfang.<\/p>\n\n\n\n<p>Die Verarbeitung und Nutzung Ihrer personenbezogenen Daten erfolgt \nzur Erf\u00fcllung des Vertragsverh\u00e4ltnisses (Verein &lt;-&gt;Mitglied), \nAbwicklung und Bearbeitung Ihrer Anfragen.<\/p>\n\n\n\n<p>Nach Beendigung der Mitgliedschaft werden alle personenbezogenen \nDaten zun\u00e4chst unter Ber\u00fccksichtigung steuer- und handelsrechtlicher \nAufbewahrungsfristen gespeichert und dann nach Fristablauf gel\u00f6scht, \nsofern Sie der weitergehenden Verarbeitung und Nutzung nicht zugestimmt \nhaben.<\/p>\n\n\n\n<p><strong>Weitergabe personenbezogener Daten<\/strong><\/p>\n\n\n\n<p>Eine Weitergabe Ihrer Daten an Dritte ohne Ihre ausdr\u00fcckliche \nEinwilligung erfolgt nicht. Ausgenommen hiervon sind lediglich unsere \nDienstleistungspartner, die wir zur Abwicklung des Vertragsverh\u00e4ltnisses\n ben\u00f6tigen. In diesen F\u00e4llen beachten wir strikt die Vorgaben des \nBundesdatenschutzgesetzes und der Datenschutzgrundverordnung. Der Umfang\n der Daten\u00fcbermittlung beschr\u00e4nkt sich auf ein Mindestma\u00df.<\/p>\n\n\n\n<p><strong>Auskunft, Berichtigung, Sperrung und L\u00f6schung von Daten<\/strong><\/p>\n\n\n\n<p>Sie haben jederzeit das Recht auf unentgeltliche Auskunft \u00fcber Ihre \ngespeicherten Daten sowie das Recht auf Berichtigung, L\u00f6schung bzw. \nSperrung. Kontaktieren Sie uns auf Wunsch. Die Kontaktdaten finden Sie \nunter der hier im Impressum.<\/p>\n","protected":false},"excerpt":{"rendered":"<p>Wir legen gr\u00f6\u00dften Wert auf den Schutz Ihrer Daten und die Wahrung Ihrer Privatsph\u00e4re. Nachstehend informieren wir Sie deshalb \u00fcber die Erhebung und Verwendung pers\u00f6nlicher Daten bei dem Besuch unserer Homepage. Anonyme Datenerhebung Sie k\u00f6nnen unsere Website besuchen, ohne Angaben zu Ihrer Person zu machen. Wir speichern in diesem Zusammenhang keinerlei pers\u00f6nliche Daten. Erhebung, Verarbeitung &hellip; <\/p>\n<p class=\"link-more\"><a href=\"https:\/\/gm2019.de\/gm2019\/?page_id=39\" class=\"more-link\"><span class=\"screen-reader-text\">\u201eDatenschutzerkl\u00e4rung\u201c<\/span> weiterlesen<\/a><\/p>\n","protected":false},"author":1,"featured_media":0,"parent":0,"menu_order":0,"comment_status":"closed","ping_status":"closed","template":"","meta":[],"_links":{"self":[{"href":"https:\/\/gm2019.de\/gm2019\/index.php?rest_route=\/wp\/v2\/pages\/39"}],"collection":[{"href":"https:\/\/gm2019.de\/gm2019\/index.php?rest_route=\/wp\/v2\/pages"}],"about":[{"href":"https:\/\/gm2019.de\/gm2019\/index.php?rest_route=\/wp\/v2\/types\/page"}],"author":[{"embeddable":true,"href":"https:\/\/gm2019.de\/gm2019\/index.php?rest_route=\/wp\/v2\/users\/1"}],"replies":[{"embeddable":true,"href":"https:\/\/gm2019.de\/gm2019\/index.php?rest_route=%2Fwp%2Fv2%2Fcomments&post=39"}],"version-history":[{"count":1,"href":"https:\/\/gm2019.de\/gm2019\/index.php?rest_route=\/wp\/v2\/pages\/39\/revisions"}],"predecessor-version":[{"id":40,"href":"https:\/\/gm2019.de\/gm2019\/index.php?rest_route=\/wp\/v2\/pages\/39\/revisions\/40"}],"wp:attachment":[{"href":"https:\/\/gm2019.de\/gm2019\/index.php?rest_route=%2Fwp%2Fv2%2Fmedia&parent=39"}],"curies":[{"name":"wp","href":"https:\/\/api.w.org\/{rel}","templated":true}]}}